{"id":252,"date":"2018-09-07T08:06:38","date_gmt":"2018-09-07T08:06:38","guid":{"rendered":"http:\/\/localhost\/outdoor\/?page_id=252"},"modified":"2021-11-18T14:49:56","modified_gmt":"2021-11-18T13:49:56","slug":"homepage-3","status":"publish","type":"page","link":"https:\/\/cavallo-arena.de\/","title":{"rendered":"Cavallo-Arena by Reitsport Manski"},"content":{"rendered":"<p>\n<section id=\"wpes-374020985b3faedcb3f6634de9ed39cd\" class=\"fw-main-row  fw-container-fluid \" style=\"padding-top: 70px;padding-bottom: 70px;margin-top: -70px;margin-bottom: 0px;\"  >\n\t\t<div class=\"fw-container\">\n\t\t<div class=\"fw-row\">\n\t\n<div class=\"fw-col-xs-12\"  style=\"\">\n\t\t<div class=\"fw-col-inner\">\n\t\t\n<div class=\"fw-heading heading-one fw-heading-h2 \">\n\n\t<h2 class='fw-special-title' >Cavallo Arena by Reitsport Manski  Kompetenz aus einer Hand an einem Ort<\/h2>\n\t<span class=\"heading-bottom\"><\/span>\n\t<\/div><p>Im Herzen Mecklenburgs unweit des Autobahnkreuzes A 20 - A 19 liegt unser Kompetenz- und Weiterbildungszentrum.<\/p><p>Unser Angebot reicht von Reitsportveranstaltungen, Seminaren bis hin zu Lehrg\u00e4ngen aller Art innerhalb des Reitsports.<\/p><p>Unser Herz liegt vor allem in der Kinder- und Jugendarbeit.<\/p><p>Durch das gro\u00dfz\u00fcgige Terrain von 70.000 m\u00b2, einer Reithalle in den Ma\u00dfen 50 x 20 m und einem Seminarraum mit bis zu 80 Pl\u00e4tzen lassen wir fast keine W\u00fcnsche offen. Die Reithalle l\u00e4sst sich nat\u00fcrlich f\u00fcr ihre pers\u00f6nliche Veranstaltung separat mieten.<\/p><p>Bei allen Veranstaltungen stehen eine tierschutz- und pferdegerechte Ausbildung sowie Horsemanship an erster Stelle.<\/p><p>Wir freuen uns auf Ihren Besuch.<\/p>\n\t<div class=\"fw-divider-space\" style=\"margin-top: 30px;\"><\/div>\n\t<\/div>\n<\/div><\/div>\n\n\t<\/div>\n<\/section>\n<section id=\"wpes-99c6daca9792085aa8c95b78e0cba074\" class=\"fw-main-row  fw-container-fluid \" style=\"padding-top: 70px;padding-bottom: 55px;margin-bottom: 35px;background-color: #2b9b29;\"  >\n\t\t<div class=\"fw-container\">\n\t\t<div class=\"fw-row\">\n\t\n<div class=\"fw-col-xs-12\"  style=\"\">\n\t\t<div class=\"fw-col-inner\">\n\t\t\n<div id=\"wpes-09351fc10a8bcf67ab8633198560e19c-wrap\" class=\"wpes-events-container\" data-layout-mode=\"masonry\">\n\n\t<input type=\"hidden\" class=\"shortcode-atts\" value='{\"unique_id\":\"09351fc10a8bcf67ab8633198560e19c\",\"columns\":\"2\",\"events_opt\":{\"event_filter\":\"advance\",\"none\":{\"categories\":[],\"events\":[]},\"advance\":{\"style\":\"\",\"bg-color\":{\"color_opts\":{\"selected\":\"\",\"custom\":{\"color\":\"\"}}},\"bg-image\":{\"type\":\"custom\",\"custom\":\"\",\"predefined\":\"\",\"data\":{\"icon\":\"\",\"css\":[]}},\"field-color\":\"\"}},\"grid_style\":\"masonry\",\"datefilter\":\"upcoming-asc\",\"boxbgclr\":\"#f7f7f7\"}' \/>\n\n\t<div class=\"wpes-event-filter card \"><div class=\"card-body\">\n<div class=\"event-advance-filter\">\n\t<div class=\"form-group\">\n\t\t<div class=\"input-group\">\n\t\t\t<div class=\"input-group-prepend\">\n\t\t\t\t<span class=\"input-group-text\"><i class=\"fa fa-calendar\"><\/i><\/span>\n\t\t\t<\/div>\n\t\t\t<input type=\"text\" class=\"form-control wpes-datepicker event-af-elem event-when\" placeholder=\"Wann?\" \/>\n\t\t<\/div>\n\t<\/div>\n\n\t<div class=\"form-group\">\n\t\t<div class=\"input-group\">\n\t\t\t<div class=\"input-group-prepend\">\n\t\t\t\t<span class=\"input-group-text\"><i class=\"fa fa-tags\"><\/i><\/span>\n\t\t\t<\/div>\n\n\t\t\t\t\t\t<select class=\"selectpicker event-af-elem event-what\" data-style=\"select-with-transition\">\n\t\t\t\t<option value=\"\">Was?<\/option>\n\n\t\t\t\t\t\t\t\t\t\t<option value=\"47\">Doppellongenlehrgang<\/option>\n\t\t\t\t\t\t\t\t\t\t\t<option value=\"42\">Dressurlehrgang<\/option>\n\t\t\t\t\t\t\t\t\t\t\t<option value=\"70\">Dressurturnier<\/option>\n\t\t\t\t\t\t\t\t\t\t\t<option value=\"85\">Freispring-Training<\/option>\n\t\t\t\t\t\t\t\t\t\t\t<option value=\"48\">Gebissberatung<\/option>\n\t\t\t\t\t\t\t\t\t\t\t<option value=\"71\">Gesundheitstage<\/option>\n\t\t\t\t\t\t\t\t\t\t\t<option value=\"69\">Lehrgang<\/option>\n\t\t\t\t\t\t\t\t\t\t\t<option value=\"68\">Leistungspr\u00fcfung<\/option>\n\t\t\t\t\t\t\t\t\t\t\t<option value=\"45\">Seminar<\/option>\n\t\t\t\t\t\t\t\t\t\t\t<option value=\"84\">Spa\u00df &amp; Unterhaltung<\/option>\n\t\t\t\t\t\t\t\t\t\t\t<option value=\"46\">Springunterricht<\/option>\n\t\t\t\t\t\t\t\t\t\t\t<option value=\"80\">Theater<\/option>\n\t\t\t\t\t\t\t\t\t\t\t<option value=\"43\">Vortrag<\/option>\n\t\t\t\t\t\t\t\t\t\t\t<option value=\"79\">Zucht<\/option>\n\t\t\t\t\t\t\t\t<\/select>\n\t\t<\/div>\n\t<\/div>\n\n\t<div class=\"form-group\">\n\t\t<div class=\"input-group\">\n\t\t\t<div class=\"input-group-prepend\">\n\t\t\t\t<span class=\"input-group-text\"><i class=\"fa fa-map-marker\"><\/i><\/span>\n\t\t\t<\/div>\n\n\t\t\t\t\t\t<select class=\"selectpicker event-af-elem event-where\" data-style=\"select-with-transition\">\n\t\t\t\t<option value=\"\">Wo?<\/option>\n\t\t\t\t\t\t\t<\/select>\n\t\t<\/div>\n\t<\/div>\n\n\t<button class=\"btn btn-primary btn-link pull-right wpes-clear-filter\" disabled=\"disabled\">Zur\u00fccksetzen<\/button>\n\n\t<img decoding=\"async\" class=\"wpes-ajax-loader\" src=\"https:\/\/cavallo-arena.de\/wp-content\/themes\/eventastic\/images\/loading.gif\" alt=\"Lade...\" \/>\n<\/div><\/div><\/div>\t\n\t<div id=\"wpes-09351fc10a8bcf67ab8633198560e19c\" class=\"row wpes-posts-wrap wpes-layout-grid\">\n\t\t\t\t\t\t\t\n<div class=\"col-sm-6 spass-unterhaltung\">\n\t<div class=\"event-item post-item card card-blog\" data-animation=\"zoomInUp\">\n\n\t\t\n\t\t<div class=\"card-body\">\n\t\t\t<h6 class=\"category text-primary\" >\n\t\t\t\t<a href=\"https:\/\/cavallo-arena.de\/?fw-event-taxonomy-name=spass-unterhaltung\" rel=\"tag\">Spa\u00df &amp; Unterhaltung<\/a>\t\t\t<\/h6>\n\n\t\t\t<h3 class=\"entry-title card-title\"><a href=\"https:\/\/cavallo-arena.de\/?fw-event=manskis-familien-variete\">\n\t\t\t\t<span itemprop=\"name\">Manski&#8217;s Familien-Variet\u00e9<\/span>\n\t\t\t<\/a><\/h3>\n\n\t\t\t<p class=\"entry-content\" itemprop=\"description\">MANSKI&#8217;S FAMLIEN-VARIET\u00c9 Ein Erlebnis f\u00fcr die ganze Familie!<\/p>\n\n\t\t\t<div class=\"h6 post-meta\">\n\t\t\t\t\t\t\t\t\t<div class=\"meta metarow text-center event-datetime\">\n\t\t\t\t\t\t\t\t\t\t\t\t\t<span class=\"event-day\"><i class=\"fa fa-calendar\"><\/i>\n\t\t\t\t\t\t\t\t9. M\u00e4rz 2024\t\t\t\t\t\t\t<\/span>\n\t\t\t\t\t\t\t\t\t\t\t\t\t<span class=\"event-time\"><i class=\"fa fa-clock-o\"><\/i>\n\t\t\t\t\t\t\t\t15:00\t\t\t\t\t\t\t<\/span>\n\t\t\t\t\t\t\t\t\t\t\t<\/div>\n\t\t\t\t\t\t\t<\/div><!-- \/.post-meta -->\n\t\t\t\n\t\t<\/div>\n\t<\/div><!-- \/.event-item -->\n<\/div>\t\t\t\t<\/div>\n<\/div>\t<\/div>\n<\/div><\/div>\n\n\t<\/div>\n<\/section><\/p>\n","protected":false},"excerpt":{"rendered":"<p>MANSKI&#8217;S FAMLIEN-VARIET\u00c9 Ein Erlebnis f\u00fcr die ganze Familie!<\/p>\n","protected":false},"author":1,"featured_media":0,"parent":0,"menu_order":0,"comment_status":"closed","ping_status":"closed","template":"page-templates\/full-width.php","meta":{"footnotes":""},"class_list":["post-252","page","type-page","status-publish","hentry"],"_links":{"self":[{"href":"https:\/\/cavallo-arena.de\/index.php?rest_route=\/wp\/v2\/pages\/252","targetHints":{"allow":["GET"]}}],"collection":[{"href":"https:\/\/cavallo-arena.de\/index.php?rest_route=\/wp\/v2\/pages"}],"about":[{"href":"https:\/\/cavallo-arena.de\/index.php?rest_route=\/wp\/v2\/types\/page"}],"author":[{"embeddable":true,"href":"https:\/\/cavallo-arena.de\/index.php?rest_route=\/wp\/v2\/users\/1"}],"replies":[{"embeddable":true,"href":"https:\/\/cavallo-arena.de\/index.php?rest_route=%2Fwp%2Fv2%2Fcomments&post=252"}],"version-history":[{"count":20,"href":"https:\/\/cavallo-arena.de\/index.php?rest_route=\/wp\/v2\/pages\/252\/revisions"}],"predecessor-version":[{"id":16247,"href":"https:\/\/cavallo-arena.de\/index.php?rest_route=\/wp\/v2\/pages\/252\/revisions\/16247"}],"wp:attachment":[{"href":"https:\/\/cavallo-arena.de\/index.php?rest_route=%2Fwp%2Fv2%2Fmedia&parent=252"}],"curies":[{"name":"wp","href":"https:\/\/api.w.org\/{rel}","templated":true}]}}