{"id":27,"date":"2018-09-05T10:57:05","date_gmt":"2018-09-05T10:57:05","guid":{"rendered":"http:\/\/localhost\/outdoor\/?page_id=14"},"modified":"2021-11-19T15:26:46","modified_gmt":"2021-11-19T14:26:46","slug":"uber","status":"publish","type":"page","link":"https:\/\/cavallo-arena.de\/?page_id=27","title":{"rendered":"\u00dcber uns"},"content":{"rendered":"\n<section id=\"wpes-d6f1eb6f2ea5bf573c40628ba555858f\" class=\"fw-main-row  fw-container-fluid \" style=\"margin-bottom: 50px;\"  >\n\t\t<div class=\"fw-container\">\n\t\t<div class=\"fw-row\">\n\t\n<div class=\"fw-col-xs-12 fw-col-sm-4 wpes-animation-element\" data-animation=slideInLeft data-animation-delay=200  style=\"\">\n\t\t<div class=\"fw-col-inner\">\n\t\t<img decoding=\"async\" src=\"\/\/cavallo-arena.de\/wp-content\/uploads\/2021\/11\/IMG_5108-Benutzerdefiniert-rotated.jpg\" alt=\"\/\/cavallo-arena.de\/wp-content\/uploads\/2021\/11\/IMG_5108-Benutzerdefiniert-rotated.jpg\" class=\"rounded alignnone img-raised img-fluid\" \/>\t<\/div>\n<\/div>\n<div class=\"fw-col-xs-12 fw-col-sm-8 wpes-animation-element\" data-animation=slideInRight data-animation-delay=200  style=\"\">\n\t\t<div class=\"fw-col-inner\">\n\t\t\n<div class=\"fw-heading heading-one fw-heading-h2 \">\n\n\t<h2 class='fw-special-title' style=\"color: #46ac70;\">Cavallo Arena by Reitsport Manski Kompetenz aus einer Hand an einem Ort<\/h2>\n\t<span class=\"heading-bottom\"><\/span>\n\t<\/div><p>Im Herzen Mecklenburgs unweit des Autobahnkreuzes A 20 - A 19 liegt unser Kompetenz- und Weiterbildungszentrum.<\/p><p>Unser Angebot reicht von Reitsportveranstaltungen, Seminaren bis hin zu Lehrg\u00e4ngen aller Art innerhalb des Reitsports.<\/p><p>Unser Herz liegt vor allem in der Kinder- und Jugendarbeit.<\/p><p>Durch das gro\u00dfz\u00fcgige Terrain von 70.000 m\u00b2, einer Reithalle in den Ma\u00dfen 50 x 20 m und einem Seminarraum mit bis zu 80 Pl\u00e4tzen lassen wir fast keine W\u00fcnsche offen. Die Reithalle l\u00e4sst sich nat\u00fcrlich f\u00fcr ihre pers\u00f6nliche Veranstaltung separat mieten.<\/p><p>Bei allen Veranstaltungen stehen eine tierschutz- und pferdegerechte Ausbildung sowie Horsemanship an erster Stelle.<\/p><p>Wir freuen uns auf Ihren Besuch.<\/p>\t<\/div>\n<\/div><\/div>\n\n\t<\/div>\n<\/section>\n","protected":false},"excerpt":{"rendered":"<p>Cavallo Arena by Reitsport Manski Kompetenz aus einer Hand an einem Ort Im Herzen Mecklenburgs unweit des Autobahnkreuzes A 20 &#8211; A 19 liegt unser Kompetenz- und Weiterbildungszentrum.Unser Angebot reicht von Reitsportveranstaltungen, Seminaren bis hin zu Lehrg\u00e4ngen aller Art innerhalb des Reitsports.Unser Herz liegt vor allem in der Kinder- und Jugendarbeit.Durch das gro\u00dfz\u00fcgige Terrain von [&hellip;]<\/p>\n","protected":false},"author":1,"featured_media":0,"parent":0,"menu_order":0,"comment_status":"closed","ping_status":"closed","template":"page-templates\/full-width.php","meta":{"footnotes":""},"class_list":["post-27","page","type-page","status-publish","hentry"],"_links":{"self":[{"href":"https:\/\/cavallo-arena.de\/index.php?rest_route=\/wp\/v2\/pages\/27","targetHints":{"allow":["GET"]}}],"collection":[{"href":"https:\/\/cavallo-arena.de\/index.php?rest_route=\/wp\/v2\/pages"}],"about":[{"href":"https:\/\/cavallo-arena.de\/index.php?rest_route=\/wp\/v2\/types\/page"}],"author":[{"embeddable":true,"href":"https:\/\/cavallo-arena.de\/index.php?rest_route=\/wp\/v2\/users\/1"}],"replies":[{"embeddable":true,"href":"https:\/\/cavallo-arena.de\/index.php?rest_route=%2Fwp%2Fv2%2Fcomments&post=27"}],"version-history":[{"count":17,"href":"https:\/\/cavallo-arena.de\/index.php?rest_route=\/wp\/v2\/pages\/27\/revisions"}],"predecessor-version":[{"id":15919,"href":"https:\/\/cavallo-arena.de\/index.php?rest_route=\/wp\/v2\/pages\/27\/revisions\/15919"}],"wp:attachment":[{"href":"https:\/\/cavallo-arena.de\/index.php?rest_route=%2Fwp%2Fv2%2Fmedia&parent=27"}],"curies":[{"name":"wp","href":"https:\/\/api.w.org\/{rel}","templated":true}]}}