{"id":349,"date":"2018-09-07T11:42:00","date_gmt":"2018-09-07T11:42:00","guid":{"rendered":"http:\/\/localhost\/outdoor\/?page_id=349"},"modified":"2021-11-18T14:34:08","modified_gmt":"2021-11-18T13:34:08","slug":"calendar","status":"publish","type":"page","link":"https:\/\/cavallo-arena.de\/?page_id=349","title":{"rendered":"Terminkalender"},"content":{"rendered":"\n<section id=\"wpes-65974827bb5f4725f392f78940481f97\" class=\"fw-main-row  fw-container \" style=\"margin-bottom: 35px;\"  >\n\t\t<div class=\"\">\n\t\t<div class=\"fw-row\">\n\t\n<div class=\"fw-col-xs-12\"  style=\"\">\n\t\t<div class=\"fw-col-inner\">\n\t\t\n<div class=\"fw-heading heading-one fw-heading-h2 fw-heading-center\">\n\n\t<h2 class='fw-special-title' >Unser Terminkalender<\/h2>\n\t<span class=\"heading-bottom\"><\/span>\n\t<\/div>\n<div id=\"wpes-0f9ba6173e594b7fb64d56e99e0692ff\" data-extends-ajax-params=\"{&quot;events_category&quot;:&quot;&quot;,&quot;data_provider&quot;:&quot;events&quot;}\" data-ajax-url=\"https:\/\/cavallo-arena.de\/wp-admin\/admin-ajax.php\" data-template=\"month\" data-template-path=\"https:\/\/cavallo-arena.de\/wp-content\/plugins\/unyson\/framework\/extensions\/shortcodes\/shortcodes\/calendar\/views\/\" data-first-day=\"1\" class=\" fw-shortcode-calendar-wrapper shortcode-container wpes-event-calendar\" >\n\n\t<div class=\"clearfix\"><\/div>\n\t<div class=\"page-header hidden-header\">\n\t\t<div class=\"pull-right form-inline\">\n\t\t\t<div class=\"btn-group\">\n\t\t\t\t<button data-calendar-nav=\"prev\"><i class=\"fa fa-angle-left\"><\/i><\/button>\n\t\t\t\t<button data-calendar-nav=\"today\">Heute<\/button>\n\t\t\t\t<button data-calendar-nav=\"next\"><i class=\"fa fa-angle-right\"><\/i><\/button>\n\t\t\t<\/div>\n\t\t<\/div>\n\n\t\t<h3><!-- Here will be set the title --><\/h3>\n\t<\/div>\n\n\t<div class=\"row\">\n\t\t<div class=\"col-12\">\n\t\t\t<div class=\"fw-shortcode-calendar\"><\/div>\n\t\t<\/div>\n\t<\/div>\n<\/div>\n\t<div class=\"fw-divider-space\" style=\"margin-top: 70px;\"><\/div>\n\t<\/div>\n<\/div><\/div>\n\n<div class=\"fw-row\">\n\t\n<div class=\"fw-col-xs-12\"  style=\"\">\n\t\t<div class=\"fw-col-inner\">\n\t\t\n<div class=\"fw-heading heading-one fw-heading-h2 fw-heading-center\">\n\n\t<h2 class='fw-special-title' >Unsere Termine<\/h2>\n\t<span class=\"heading-bottom\"><\/span>\n\t<\/div>\n\t<div class=\"fw-divider-space\" style=\"margin-top: 20px;\"><\/div>\n\n<div id=\"wpes-b26e17602d18591477492f4e68a4b825-wrap\" class=\"wpes-events-container\" data-layout-mode=\"vertical\">\n\n\t<input type=\"hidden\" class=\"shortcode-atts\" value='{\"unique_id\":\"b26e17602d18591477492f4e68a4b825\",\"events_opt\":{\"event_filter\":\"category\",\"none\":{\"categories\":[],\"events\":[]},\"advance\":{\"style\":\"\",\"bg-color\":[],\"bg-image\":\"\",\"field-color\":\"\"}},\"datefilter\":\"\"}' \/>\n\n\t\n<div class=\"wpes-posts-cat-buttons\">\n\t<ul class=\"nav nav-pills nav-pills-icons\">\n\t\t<li class=\"nav-item\"><a class=\"nav-link active\" href=\"#\" data-filter=\"*\">Alles anzeigen<\/a><\/li>\n\n\t\t\t\t\t\t<li class=\"nav-item\"><a class=\"nav-link\" href=\"#\" data-filter=\".doppellongenlehrgang\">Doppellongenlehrgang<\/a><\/li>\n\t\t\t\t\t\t\t<li class=\"nav-item\"><a class=\"nav-link\" href=\"#\" data-filter=\".dressurlehrgang\">Dressurlehrgang<\/a><\/li>\n\t\t\t\t\t\t\t<li class=\"nav-item\"><a class=\"nav-link\" href=\"#\" data-filter=\".dressurturnier\">Dressurturnier<\/a><\/li>\n\t\t\t\t\t\t\t<li class=\"nav-item\"><a class=\"nav-link\" href=\"#\" data-filter=\".freispring-training\">Freispring-Training<\/a><\/li>\n\t\t\t\t\t\t\t<li class=\"nav-item\"><a class=\"nav-link\" href=\"#\" data-filter=\".gebissberatung\">Gebissberatung<\/a><\/li>\n\t\t\t\t\t\t\t<li class=\"nav-item\"><a class=\"nav-link\" href=\"#\" data-filter=\".gesundheitstage\">Gesundheitstage<\/a><\/li>\n\t\t\t\t\t\t\t<li class=\"nav-item\"><a class=\"nav-link\" href=\"#\" data-filter=\".lehrgang\">Lehrgang<\/a><\/li>\n\t\t\t\t\t\t\t<li class=\"nav-item\"><a class=\"nav-link\" href=\"#\" data-filter=\".leistungspruefung\">Leistungspr\u00fcfung<\/a><\/li>\n\t\t\t\t\t\t\t<li class=\"nav-item\"><a class=\"nav-link\" href=\"#\" data-filter=\".seminar\">Seminar<\/a><\/li>\n\t\t\t\t\t\t\t<li class=\"nav-item\"><a class=\"nav-link\" href=\"#\" data-filter=\".spass-unterhaltung\">Spa\u00df &amp; Unterhaltung<\/a><\/li>\n\t\t\t\t\t\t\t<li class=\"nav-item\"><a class=\"nav-link\" href=\"#\" data-filter=\".springunterricht\">Springunterricht<\/a><\/li>\n\t\t\t\t\t\t\t<li class=\"nav-item\"><a class=\"nav-link\" href=\"#\" data-filter=\".theater\">Theater<\/a><\/li>\n\t\t\t\t\t\t\t<li class=\"nav-item\"><a class=\"nav-link\" href=\"#\" data-filter=\".vortrag\">Vortrag<\/a><\/li>\n\t\t\t\t\t\t\t<li class=\"nav-item\"><a class=\"nav-link\" href=\"#\" data-filter=\".zucht\">Zucht<\/a><\/li>\n\t\t\t\t<\/ul>\n<\/div>\n\t<div id=\"wpes-b26e17602d18591477492f4e68a4b825\" class=\"row wpes-posts-wrap wpes-layout-list\">\n\n\t\t\t\n\t\t\t\t\t\t\n<div class=\"col-12 filter zucht\">\n\n\t<div class=\"event-item post-item card card-plain\" >\n\t\t<div class=\"row\">\n\t\t\t\t\n\t\t\t\n\t\t\t<div class=\"col-sm-12\">\n\n\t\t\t\t<!-- Event Categories -->\n\t\t\t\t<h6 class=\"category text-primary\" >\n\t\t\t\t\t<a href=\"https:\/\/cavallo-arena.de\/?fw-event-taxonomy-name=zucht\" rel=\"tag\">Zucht<\/a>\t\t\t\t<\/h6>\n\t\t\t\t\t\n\t\t\t\t<h3 class=\"card-title\"><a href=\"https:\/\/cavallo-arena.de\/?fw-event=stutbuchaufnahme\">\n\t\t\t\t\t<span>Stutbuchaufnahme<\/span>\n\t\t\t\t<\/a><\/h3>\n\t\t\t\t\t\n\t\t\t\t<p class=\"card-description\"><\/p>\n\n\t\t\t\t<div class=\"h6 post-meta event-meta\">\n\t\t\t\t\t\t\t\t\t\t\t<span class=\"meta event-day\"><i class=\"fa fa-calendar\"><\/i>\n\t\t\t\t\t\t\t25. Mai 2024\t\t\t\t\t\t<\/span>\n\t\t\t\t\t\t\t\t\t<\/div>\n\t\t\t\t\n\t\t\t<\/div><!-- \/.col-sm-9 -->\n\t\t<\/div>\n\t<\/div>\n<\/div>\t\t\t\t\t\t\t\n<div class=\"col-12 filter freispring-training\">\n\n\t<div class=\"event-item post-item card card-plain\" >\n\t\t<div class=\"row\">\n\t\t\t\t\n\t\t\t\n\t\t\t<div class=\"col-sm-12\">\n\n\t\t\t\t<!-- Event Categories -->\n\t\t\t\t<h6 class=\"category text-primary\" >\n\t\t\t\t\t<a href=\"https:\/\/cavallo-arena.de\/?fw-event-taxonomy-name=freispring-training\" rel=\"tag\">Freispring-Training<\/a>\t\t\t\t<\/h6>\n\t\t\t\t\t\n\t\t\t\t<h3 class=\"card-title\"><a href=\"https:\/\/cavallo-arena.de\/?fw-event=freispring-training\">\n\t\t\t\t\t<span>Freispring-Training<\/span>\n\t\t\t\t<\/a><\/h3>\n\t\t\t\t\t\n\t\t\t\t<p class=\"card-description\">Freispring-Training in der Cavallo-Arena Am 21. Mai findet wieder unser beliebtes Freispring-Training statt. Anmeldungen bitte mit Angabe, ob Pony oder...<\/p>\n\n\t\t\t\t<div class=\"h6 post-meta event-meta\">\n\t\t\t\t\t\t\t\t\t\t\t<span class=\"meta event-day\"><i class=\"fa fa-calendar\"><\/i>\n\t\t\t\t\t\t\t21. Mai 2024\t\t\t\t\t\t<\/span>\n\t\t\t\t\t\t\t\t\t<\/div>\n\t\t\t\t\n\t\t\t<\/div><!-- \/.col-sm-9 -->\n\t\t<\/div>\n\t<\/div>\n<\/div>\t\t\t\t\t\t\t\n<div class=\"col-12 filter spass-unterhaltung\">\n\n\t<div class=\"event-item post-item card card-plain\" >\n\t\t<div class=\"row\">\n\t\t\t\t\n\t\t\t\n\t\t\t<div class=\"col-sm-12\">\n\n\t\t\t\t<!-- Event Categories -->\n\t\t\t\t<h6 class=\"category text-primary\" >\n\t\t\t\t\t<a href=\"https:\/\/cavallo-arena.de\/?fw-event-taxonomy-name=spass-unterhaltung\" rel=\"tag\">Spa\u00df &amp; Unterhaltung<\/a>\t\t\t\t<\/h6>\n\t\t\t\t\t\n\t\t\t\t<h3 class=\"card-title\"><a href=\"https:\/\/cavallo-arena.de\/?fw-event=16445\">\n\t\t\t\t\t<span>Gro\u00dfer Wiesenflohmarkt<\/span>\n\t\t\t\t<\/a><\/h3>\n\t\t\t\t\t\n\t\t\t\t<p class=\"card-description\">Wir laden herzlich ein zum ersten Wiesenflohmarkt auf dem Gel\u00e4nde von Reitsport Manski. Neben vielen Verkaufsst\u00e4nden k\u00f6nnen sich auch die...<\/p>\n\n\t\t\t\t<div class=\"h6 post-meta event-meta\">\n\t\t\t\t\t\t\t\t\t\t\t<span class=\"meta event-day\"><i class=\"fa fa-calendar\"><\/i>\n\t\t\t\t\t\t\t18. Mai 2024\t\t\t\t\t\t<\/span>\n\t\t\t\t\t\t\t\t\t<\/div>\n\t\t\t\t\n\t\t\t<\/div><!-- \/.col-sm-9 -->\n\t\t<\/div>\n\t<\/div>\n<\/div>\t\t\t\t\t\t\t\n<div class=\"col-12 filter doppellongenlehrgang\">\n\n\t<div class=\"event-item post-item card card-plain\" >\n\t\t<div class=\"row\">\n\t\t\t\t\n\t\t\t\n\t\t\t<div class=\"col-sm-12\">\n\n\t\t\t\t<!-- Event Categories -->\n\t\t\t\t<h6 class=\"category text-primary\" >\n\t\t\t\t\t<a href=\"https:\/\/cavallo-arena.de\/?fw-event-taxonomy-name=doppellongenlehrgang\" rel=\"tag\">Doppellongenlehrgang<\/a>\t\t\t\t<\/h6>\n\t\t\t\t\t\n\t\t\t\t<h3 class=\"card-title\"><a href=\"https:\/\/cavallo-arena.de\/?fw-event=doppellongen-lehrgang-mit-jens-lyke\">\n\t\t\t\t\t<span>Doppellongen-Lehrgang mit Jens Lyke<\/span>\n\t\t\t\t<\/a><\/h3>\n\t\t\t\t\t\n\t\t\t\t<p class=\"card-description\">Dieser Kurs beinhaltet neben einer theoretischen Einf\u00fchrung das Arbeiten an der Doppellonge mit dem eigenem Pferd. Dabei steht euch Pferdewirtschaftsmeister...<\/p>\n\n\t\t\t\t<div class=\"h6 post-meta event-meta\">\n\t\t\t\t\t\t\t\t\t\t\t<span class=\"meta event-day\"><i class=\"fa fa-calendar\"><\/i>\n\t\t\t\t\t\t\t20. April 2024\t\t\t\t\t\t<\/span>\n\t\t\t\t\t\t\t\t\t<\/div>\n\t\t\t\t\n\t\t\t<\/div><!-- \/.col-sm-9 -->\n\t\t<\/div>\n\t<\/div>\n<\/div>\t\t\t\t\t\t\t\n<div class=\"col-12 filter springunterricht\">\n\n\t<div class=\"event-item post-item card card-plain\" >\n\t\t<div class=\"row\">\n\t\t\t\t\n\t\t\t\n\t\t\t<div class=\"col-sm-12\">\n\n\t\t\t\t<!-- Event Categories -->\n\t\t\t\t<h6 class=\"category text-primary\" >\n\t\t\t\t\t<a href=\"https:\/\/cavallo-arena.de\/?fw-event-taxonomy-name=springunterricht\" rel=\"tag\">Springunterricht<\/a>\t\t\t\t<\/h6>\n\t\t\t\t\t\n\t\t\t\t<h3 class=\"card-title\"><a href=\"https:\/\/cavallo-arena.de\/?fw-event=springlehrgang-mit-maximilian-graefe\">\n\t\t\t\t\t<span>Springlehrgang mit Maximilian Gr\u00e4fe<\/span>\n\t\t\t\t<\/a><\/h3>\n\t\t\t\t\t\n\t\t\t\t<p class=\"card-description\">Dieser Lehrgang ist offen f\u00fcr alle Reiter! Geritten wird jeweils eine Trainingsstunde am Sonnabend und am Sontag in kleinen Gruppen...<\/p>\n\n\t\t\t\t<div class=\"h6 post-meta event-meta\">\n\t\t\t\t\t\t\t\t\t\t\t<span class=\"meta event-day\"><i class=\"fa fa-calendar\"><\/i>\n\t\t\t\t\t\t\t6. April 2024\t\t\t\t\t\t<\/span>\n\t\t\t\t\t\t\t\t\t<\/div>\n\t\t\t\t\n\t\t\t<\/div><!-- \/.col-sm-9 -->\n\t\t<\/div>\n\t<\/div>\n<\/div>\t\t\t\t\t\t\t\n<div class=\"col-12 filter spass-unterhaltung\">\n\n\t<div class=\"event-item post-item card card-plain\" >\n\t\t<div class=\"row\">\n\t\t\t\t\n\t\t\t\n\t\t\t<div class=\"col-sm-12\">\n\n\t\t\t\t<!-- Event Categories -->\n\t\t\t\t<h6 class=\"category text-primary\" >\n\t\t\t\t\t<a href=\"https:\/\/cavallo-arena.de\/?fw-event-taxonomy-name=spass-unterhaltung\" rel=\"tag\">Spa\u00df &amp; Unterhaltung<\/a>\t\t\t\t<\/h6>\n\t\t\t\t\t\n\t\t\t\t<h3 class=\"card-title\"><a href=\"https:\/\/cavallo-arena.de\/?fw-event=manskis-familien-variete\">\n\t\t\t\t\t<span>Manski&#8217;s Familien-Variet\u00e9<\/span>\n\t\t\t\t<\/a><\/h3>\n\t\t\t\t\t\n\t\t\t\t<p class=\"card-description\">MANSKI&#8217;S FAMLIEN-VARIET\u00c9 Ein Erlebnis f\u00fcr die ganze Familie!<\/p>\n\n\t\t\t\t<div class=\"h6 post-meta event-meta\">\n\t\t\t\t\t\t\t\t\t\t\t<span class=\"meta event-day\"><i class=\"fa fa-calendar\"><\/i>\n\t\t\t\t\t\t\t9. M\u00e4rz 2024\t\t\t\t\t\t<\/span>\n\t\t\t\t\t\t\t\t\t<\/div>\n\t\t\t\t\n\t\t\t<\/div><!-- \/.col-sm-9 -->\n\t\t<\/div>\n\t<\/div>\n<\/div>\t\t\t\t\t\t\t\n<div class=\"col-12 filter spass-unterhaltung\">\n\n\t<div class=\"event-item post-item card card-plain\" >\n\t\t<div class=\"row\">\n\t\t\t\t\n\t\t\t\n\t\t\t<div class=\"col-sm-12\">\n\n\t\t\t\t<!-- Event Categories -->\n\t\t\t\t<h6 class=\"category text-primary\" >\n\t\t\t\t\t<a href=\"https:\/\/cavallo-arena.de\/?fw-event-taxonomy-name=spass-unterhaltung\" rel=\"tag\">Spa\u00df &amp; Unterhaltung<\/a>\t\t\t\t<\/h6>\n\t\t\t\t\t\n\t\t\t\t<h3 class=\"card-title\"><a href=\"https:\/\/cavallo-arena.de\/?fw-event=manskis-variete-frauentags-special\">\n\t\t\t\t\t<span>Manski&#8217;s Variet\u00e9 &#8211; FRAUENTAGS-SPECIAL<\/span>\n\t\t\t\t<\/a><\/h3>\n\t\t\t\t\t\n\t\t\t\t<p class=\"card-description\">Manski&#8217;s Variet\u00e9 &#8211; FRAUENTAGS-SPECIAL Ein bunter Abend mit \u00dcberraschungsg\u00e4sten, Modenschau, Cocktailbar und Afterschow-Party mit Tanz in der Manege Im Preis...<\/p>\n\n\t\t\t\t<div class=\"h6 post-meta event-meta\">\n\t\t\t\t\t\t\t\t\t\t\t<span class=\"meta event-day\"><i class=\"fa fa-calendar\"><\/i>\n\t\t\t\t\t\t\t8. M\u00e4rz 2024\t\t\t\t\t\t<\/span>\n\t\t\t\t\t\t\t\t\t\t\t<div class=\"meta event-location\">\n\t\t\t\t\t\t\t<div class=\"event-location-addr\">\n\t\t\t\t\t\t\t\t<i class=\"fa fa-map-marker\"><\/i>\n\t\t\t\t\t\t\t\t\t\t\t\t\t\t\t<\/div>\n\t\t\t\t\t\t<\/div>\n\t\t\t\t\t\t\t\t\t<\/div>\n\t\t\t\t\n\t\t\t<\/div><!-- \/.col-sm-9 -->\n\t\t<\/div>\n\t<\/div>\n<\/div>\t\t\t\t\t\t\t\n<div class=\"col-12 filter lehrgang\">\n\n\t<div class=\"event-item post-item card card-plain\" >\n\t\t<div class=\"row\">\n\t\t\t\t\n\t\t\t\n\t\t\t<div class=\"col-sm-12\">\n\n\t\t\t\t<!-- Event Categories -->\n\t\t\t\t<h6 class=\"category text-primary\" >\n\t\t\t\t\t<a href=\"https:\/\/cavallo-arena.de\/?fw-event-taxonomy-name=lehrgang\" rel=\"tag\">Lehrgang<\/a>\t\t\t\t<\/h6>\n\t\t\t\t\t\n\t\t\t\t<h3 class=\"card-title\"><a href=\"https:\/\/cavallo-arena.de\/?fw-event=teamwork-makes-the-dream-pferdeausbildung-und-osteopathie-im-einklang\">\n\t\t\t\t\t<span>Teamwork makes the dream &#8211; Pferdeausbildung und Osteopathie im Einklang<\/span>\n\t\t\t\t<\/a><\/h3>\n\t\t\t\t\t\n\t\t\t\t<p class=\"card-description\">&nbsp;Du m\u00f6chtest einen sinnvollen Trainingsplan erstellen, der dein Pferd gesund und leistungsf\u00e4higer macht?Dann ist dieser zweit\u00e4gige Kurs genau das Richtige...<\/p>\n\n\t\t\t\t<div class=\"h6 post-meta event-meta\">\n\t\t\t\t\t\t\t\t\t\t\t<span class=\"meta event-day\"><i class=\"fa fa-calendar\"><\/i>\n\t\t\t\t\t\t\t17. Februar 2024\t\t\t\t\t\t<\/span>\n\t\t\t\t\t\t\t\t\t\t\t<div class=\"meta event-location\">\n\t\t\t\t\t\t\t<div class=\"event-location-addr\">\n\t\t\t\t\t\t\t\t<i class=\"fa fa-map-marker\"><\/i>\n\t\t\t\t\t\t\t\t\t\t\t\t\t\t\t<\/div>\n\t\t\t\t\t\t<\/div>\n\t\t\t\t\t\t\t\t\t<\/div>\n\t\t\t\t\n\t\t\t<\/div><!-- \/.col-sm-9 -->\n\t\t<\/div>\n\t<\/div>\n<\/div>\t\t\t\t\t\t\t\n<div class=\"col-12 filter leistungspruefung\">\n\n\t<div class=\"event-item post-item card card-plain\" >\n\t\t<div class=\"row\">\n\t\t\t\t\n\t\t\t\n\t\t\t<div class=\"col-sm-12\">\n\n\t\t\t\t<!-- Event Categories -->\n\t\t\t\t<h6 class=\"category text-primary\" >\n\t\t\t\t\t<a href=\"https:\/\/cavallo-arena.de\/?fw-event-taxonomy-name=leistungspruefung\" rel=\"tag\">Leistungspr\u00fcfung<\/a>\t\t\t\t<\/h6>\n\t\t\t\t\t\n\t\t\t\t<h3 class=\"card-title\"><a href=\"https:\/\/cavallo-arena.de\/?fw-event=ausschreibung-fuehrzuegelklasse-kinder-23-april-2023\">\n\t\t\t\t\t<span>Ausschreibung F\u00fchrz\u00fcgelklasse Kinder &#8211; 23. April 2023<\/span>\n\t\t\t\t<\/a><\/h3>\n\t\t\t\t\t\n\t\t\t\t<p class=\"card-description\"><\/p>\n\n\t\t\t\t<div class=\"h6 post-meta event-meta\">\n\t\t\t\t\t\t\t\t\t<\/div>\n\t\t\t\t\n\t\t\t<\/div><!-- \/.col-sm-9 -->\n\t\t<\/div>\n\t<\/div>\n<\/div>\t\t\t\t\t\t\t\n<div class=\"col-12 filter \">\n\n\t<div class=\"event-item post-item card card-plain\" >\n\t\t<div class=\"row\">\n\t\t\t\t\n\t\t\t\n\t\t\t<div class=\"col-sm-12\">\n\n\t\t\t\t<!-- Event Categories -->\n\t\t\t\t<h6 class=\"category text-primary\" >\n\t\t\t\t\t\t\t\t\t<\/h6>\n\t\t\t\t\t\n\t\t\t\t<h3 class=\"card-title\"><a href=\"https:\/\/cavallo-arena.de\/?fw-event=ausschreibung-fuehrzuegelklasse-ue18-22-april-2023\">\n\t\t\t\t\t<span>Ausschreibung F\u00fchrz\u00fcgelklasse \u00dc18 &#8211; 22. April 2023<\/span>\n\t\t\t\t<\/a><\/h3>\n\t\t\t\t\t\n\t\t\t\t<p class=\"card-description\"><\/p>\n\n\t\t\t\t<div class=\"h6 post-meta event-meta\">\n\t\t\t\t\t\t\t\t\t<\/div>\n\t\t\t\t\n\t\t\t<\/div><!-- \/.col-sm-9 -->\n\t\t<\/div>\n\t<\/div>\n<\/div>\t\t\t\t<div class=\"pagination-clearfix clearfix\"><\/div>\n\t<div class=\"pagination-wrap text-center\">\n\t\t<ul class='pagination pagination-primary'><li class='page-item active'><span aria-current=\"page\" class=\"page-numbers page-link current\">1<\/span><\/li><li class='page-item'><a class=\"page-numbers page-link\" href=\"https:\/\/cavallo-arena.de\/index.php\/?paged=2&#038;rest_route=%2Fwp%2Fv2%2Fpages%2F349\">2<\/a><\/li><li class='page-item'><a class=\"page-numbers page-link\" href=\"https:\/\/cavallo-arena.de\/index.php\/?paged=3&#038;rest_route=%2Fwp%2Fv2%2Fpages%2F349\">3<\/a><\/li><li class='page-item'><a class=\"page-numbers page-link\" href=\"https:\/\/cavallo-arena.de\/index.php\/?paged=4&#038;rest_route=%2Fwp%2Fv2%2Fpages%2F349\">4<\/a><\/li><li class='page-item'><a class=\"next page-numbers page-link\" href=\"https:\/\/cavallo-arena.de\/index.php\/?paged=2&#038;rest_route=%2Fwp%2Fv2%2Fpages%2F349\">Weiter<\/a><\/li><\/ul>\t<\/div>\n\t\t\t<\/div>\n<\/div>\t<\/div>\n<\/div><\/div>\n\n<div class=\"fw-row\">\n\t\n<div class=\"fw-col-xs-12\"  style=\"\">\n\t\t<div class=\"fw-col-inner\">\n\t\t\t<\/div>\n<\/div><\/div>\n\n<div class=\"fw-row\">\n\t\n<div class=\"fw-col-xs-12\"  style=\"\">\n\t\t<div class=\"fw-col-inner\">\n\t\t\t<\/div>\n<\/div><\/div>\n\n\t<\/div>\n<\/section>\n","protected":false},"excerpt":{"rendered":"","protected":false},"author":1,"featured_media":0,"parent":0,"menu_order":0,"comment_status":"closed","ping_status":"closed","template":"","meta":{"footnotes":""},"class_list":["post-349","page","type-page","status-publish","hentry"],"_links":{"self":[{"href":"https:\/\/cavallo-arena.de\/index.php?rest_route=\/wp\/v2\/pages\/349","targetHints":{"allow":["GET"]}}],"collection":[{"href":"https:\/\/cavallo-arena.de\/index.php?rest_route=\/wp\/v2\/pages"}],"about":[{"href":"https:\/\/cavallo-arena.de\/index.php?rest_route=\/wp\/v2\/types\/page"}],"author":[{"embeddable":true,"href":"https:\/\/cavallo-arena.de\/index.php?rest_route=\/wp\/v2\/users\/1"}],"replies":[{"embeddable":true,"href":"https:\/\/cavallo-arena.de\/index.php?rest_route=%2Fwp%2Fv2%2Fcomments&post=349"}],"version-history":[{"count":9,"href":"https:\/\/cavallo-arena.de\/index.php?rest_route=\/wp\/v2\/pages\/349\/revisions"}],"predecessor-version":[{"id":15873,"href":"https:\/\/cavallo-arena.de\/index.php?rest_route=\/wp\/v2\/pages\/349\/revisions\/15873"}],"wp:attachment":[{"href":"https:\/\/cavallo-arena.de\/index.php?rest_route=%2Fwp%2Fv2%2Fmedia&parent=349"}],"curies":[{"name":"wp","href":"https:\/\/api.w.org\/{rel}","templated":true}]}}