{"id":743,"date":"2019-02-14T23:15:25","date_gmt":"2019-02-14T22:15:25","guid":{"rendered":"https:\/\/cavallo-arena.de\/?page_id=743"},"modified":"2022-06-08T10:03:04","modified_gmt":"2022-06-08T08:03:04","slug":"impressum","status":"publish","type":"page","link":"https:\/\/cavallo-arena.de\/?page_id=743","title":{"rendered":"Impressum"},"content":{"rendered":"\n<section id=\"wpes-237b3a53b30e58067510eea3f6e3494e\" class=\"fw-main-row  fw-container \" style=\"margin-bottom: 35px;\"  >\n\t\t<div class=\"\">\n\t\t<div class=\"fw-row\">\n\t\n<div class=\"fw-col-xs-12 fw-col-sm-6\"  style=\"\">\n\t\t<div class=\"fw-col-inner\">\n\t\t<h1>Impressum<\/h1><div class=\"document-part\"><div class=\"section\"><p class=\"subsection regular\">Andreas Manski<br \/>Am Gewerbegrund 4<br \/>18273\u00a0G\u00fcstrow<br \/>Deutschland<br \/>Tel: +49 3843 8556627<br \/>E-Mail: info@cavallo-arena.de<\/p><\/div><div class=\"section\"><\/div><\/div>\t<\/div>\n<\/div>\n<div class=\"fw-col-xs-12 fw-col-sm-6\"  style=\"\">\n\t\t<div class=\"fw-col-inner\">\n\t\t<div class=\"section\"><p class=\"subsection regular\">Umsatzsteuer-Identifikationsnummer gem\u00e4\u00df \u00a7 27 a Umsatzsteuergesetz: DE212685939<br \/>Plattform der EU-Kommission zur Online-Streitbeilegung: <a href=\"https:\/\/ec.europa.eu\/consumers\/odr\" target=\"_blank\" rel=\"noopener\">https:\/\/ec.europa.eu\/consumers\/odr<\/a><\/p><\/div><div class=\"section\"><p class=\"subsection regular\">Wir sind zur Teilnahme an einem Streitbeilegungsverfahren vor einer Verbraucherschlichtungsstelle weder verpflichtet noch bereit.<\/p><\/div>\t<\/div>\n<\/div><\/div>\n\n\t<\/div>\n<\/section>\n","protected":false},"excerpt":{"rendered":"<p>ImpressumAndreas ManskiAm Gewerbegrund 418273\u00a0G\u00fcstrowDeutschlandTel: +49 3843 8556627E-Mail: info@cavallo-arena.de Umsatzsteuer-Identifikationsnummer gem\u00e4\u00df \u00a7 27 a Umsatzsteuergesetz: DE212685939Plattform der EU-Kommission zur Online-Streitbeilegung: https:\/\/ec.europa.eu\/consumers\/odrWir sind zur Teilnahme an einem Streitbeilegungsverfahren vor einer Verbraucherschlichtungsstelle weder verpflichtet noch bereit.<\/p>\n","protected":false},"author":1,"featured_media":0,"parent":0,"menu_order":0,"comment_status":"closed","ping_status":"closed","template":"","meta":{"footnotes":""},"class_list":["post-743","page","type-page","status-publish","hentry"],"_links":{"self":[{"href":"https:\/\/cavallo-arena.de\/index.php?rest_route=\/wp\/v2\/pages\/743","targetHints":{"allow":["GET"]}}],"collection":[{"href":"https:\/\/cavallo-arena.de\/index.php?rest_route=\/wp\/v2\/pages"}],"about":[{"href":"https:\/\/cavallo-arena.de\/index.php?rest_route=\/wp\/v2\/types\/page"}],"author":[{"embeddable":true,"href":"https:\/\/cavallo-arena.de\/index.php?rest_route=\/wp\/v2\/users\/1"}],"replies":[{"embeddable":true,"href":"https:\/\/cavallo-arena.de\/index.php?rest_route=%2Fwp%2Fv2%2Fcomments&post=743"}],"version-history":[{"count":8,"href":"https:\/\/cavallo-arena.de\/index.php?rest_route=\/wp\/v2\/pages\/743\/revisions"}],"predecessor-version":[{"id":16239,"href":"https:\/\/cavallo-arena.de\/index.php?rest_route=\/wp\/v2\/pages\/743\/revisions\/16239"}],"wp:attachment":[{"href":"https:\/\/cavallo-arena.de\/index.php?rest_route=%2Fwp%2Fv2%2Fmedia&parent=743"}],"curies":[{"name":"wp","href":"https:\/\/api.w.org\/{rel}","templated":true}]}}